{"id":48,"date":"2021-07-02T23:12:45","date_gmt":"2021-07-02T20:12:45","guid":{"rendered":"http:\/\/promekmedical.com.tr\/?page_id=48"},"modified":"2021-08-03T23:05:10","modified_gmt":"2021-08-03T20:05:10","slug":"hakkimizda","status":"publish","type":"page","link":"https:\/\/promekmedical.com.tr\/fr\/hakkimizda\/","title":{"rendered":"\u00c0 PROPOS DE NOUS"},"content":{"rendered":"<p><\/p>\n<p style=\"font-weight: 400;\">D\u2019un h\u00e9ritage de 40 ans de savoir-faire dans le domaine de r\u00e9alisation de projets est n\u00e9e la marque Promek en 2011 comme fabricant de mobilier medical.<\/p>\n<p style=\"font-weight: 400;\">Depuis sa cr\u00e9ation, Promek a accompagn\u00e9 \u00e9troitement ses centaines de partenaires \u00e0 chaque \u00e9tape de leurs projets. Promek est aujourd&#8217;hui l&#8217;un des principaux fabricants de mobilier m\u00e9dical en Turquie, au service de ses partenaires dans 65 pays \u00e0 travers le monde o\u00f9 elle a pu mettre sa signature particuli\u00e8re sur plusieurs grands projets.<\/p>\n<p style=\"font-weight: 400;\">Avec une \u00e9quipe d&#8217;ing\u00e9nieurs hautement qualifi\u00e9s, des investissements importants en machinerie, une large gamme de produits soigneusement con\u00e7us, une attention particuli\u00e8re port\u00e9e \u00e0 la qualit\u00e9 et surtout un sens d\u2019\u00e9coute incomparable, nous avons r\u00e9ussi \u00e0 servir nos partenaires et \u00e0 r\u00e9pondre \u00e0 leurs exigences en constante \u00e9volution.<\/p>\n<p style=\"font-weight: 400;\">Nous nous engageons \u00e0 continuer de d\u00e9velopper nos technologies, nos produits et notre capacit\u00e9 de fabrication; et restez fid\u00e8le \u00e0 notre devise: la satisfaction du client d\u2019abord.<\/p>\n<p style=\"font-weight: 400;\">Nous sommes fiers d\u2019\u00eatre votre meilleur partenaire dans le secteur du mobilier m\u00e9dical et nous nous engageons \u00e0 demeurer ainsi<\/p>\n<p><\/p>","protected":false},"excerpt":{"rendered":"<p>D\u2019un h\u00e9ritage de 40 ans de savoir-faire dans le domaine de r\u00e9alisation de projets est n\u00e9e la marque Promek en 2011 comme fabricant de mobilier medical. Depuis sa cr\u00e9ation, Promek a accompagn\u00e9 \u00e9troitement ses centaines de partenaires \u00e0 chaque \u00e9tape de leurs projets. Promek est aujourd&#8217;hui l&#8217;un des principaux fabricants de mobilier m\u00e9dical en Turquie, [&hellip;]<\/p>\n","protected":false},"author":1,"featured_media":0,"parent":0,"menu_order":0,"comment_status":"closed","ping_status":"closed","template":"","meta":{"footnotes":""},"class_list":["post-48","page","type-page","status-publish","hentry"],"_links":{"self":[{"href":"https:\/\/promekmedical.com.tr\/fr\/wp-json\/wp\/v2\/pages\/48","targetHints":{"allow":["GET"]}}],"collection":[{"href":"https:\/\/promekmedical.com.tr\/fr\/wp-json\/wp\/v2\/pages"}],"about":[{"href":"https:\/\/promekmedical.com.tr\/fr\/wp-json\/wp\/v2\/types\/page"}],"author":[{"embeddable":true,"href":"https:\/\/promekmedical.com.tr\/fr\/wp-json\/wp\/v2\/users\/1"}],"replies":[{"embeddable":true,"href":"https:\/\/promekmedical.com.tr\/fr\/wp-json\/wp\/v2\/comments?post=48"}],"version-history":[{"count":4,"href":"https:\/\/promekmedical.com.tr\/fr\/wp-json\/wp\/v2\/pages\/48\/revisions"}],"predecessor-version":[{"id":642,"href":"https:\/\/promekmedical.com.tr\/fr\/wp-json\/wp\/v2\/pages\/48\/revisions\/642"}],"wp:attachment":[{"href":"https:\/\/promekmedical.com.tr\/fr\/wp-json\/wp\/v2\/media?parent=48"}],"curies":[{"name":"wp","href":"https:\/\/api.w.org\/{rel}","templated":true}]}}